{"id":1392,"date":"2025-10-22T10:56:17","date_gmt":"2025-10-22T08:56:17","guid":{"rendered":"https:\/\/deutsches-windkraftmuseum.de\/en\/?page_id=1392"},"modified":"2025-10-22T17:36:56","modified_gmt":"2025-10-22T15:36:56","slug":"directions","status":"publish","type":"page","link":"https:\/\/deutsches-windkraftmuseum.de\/en\/directions\/","title":{"rendered":"Directions"},"content":{"rendered":"<p><img decoding=\"async\" src=\"https:\/\/deutsches-windkraftmuseum.de\/wp-content\/uploads\/OpenStreetMap2.png\" \/><\/p>\n<p><strong>Directions by car (recommended)<\/strong><\/p>\n<p>Use the map above or the address below for directions. Alternatively, you can also use coordinates.<\/p>\n<p>German Wind Power Museum (Deutsches Windkraftmuseum e.V.)<br \/>\n<strong>M\u00fchlheide 14<\/strong><br \/>\n32351 Stemwede-Oppendorf<\/p>\n<p>Coordinates: <strong>N 52.449219 E 8.5025600<\/strong><\/p>\n<p>&nbsp;<\/p>\n<p><strong>Directions by train<\/strong><\/p>\n<p>If you want to travel to us by public transport, that&#8217;s also possible.<\/p>\n<p>If you want to travel by long-distance train from further afield, make your way to the following train stations:<\/p>\n<p>Bielefeld \/ Herford \/ B\u00fcnde (&#8211;&gt;RE9) or Osnabr\u00fcck \/ Bremen (&#8211;&gt;RB71).<\/p>\n<p>The RE9 runs between Osnabr\u00fcck \/ Bremen and Bremerhaven with stop in Lemf\u00f6rde.<\/p>\n<p>The RB71 runs between Bielefeld and Rahden with stops in Herford and B\u00fcnde (Westf.).<\/p>\n<p>By <strong>train<\/strong>, take either the <strong>Rahden<\/strong> or <strong>Lemf\u00f6rde<\/strong> train station, there you must look for the near bus stops of the same name.<\/p>\n<p>&nbsp;<\/p>\n<p><strong>Directions by bus<\/strong><\/p>\n<p><strong>Bus<\/strong> line <strong>623 (Stemwede)<\/strong> runs between the bus stops. You can view the timetable at this <a href=\"https:\/\/teutoowl.de\/pdf\/downloads\/timetables\/623.pdf\">LINK<\/a>. Please note: Bus service is not very frequent! Please check your options on the day in question and book the taxi bus at least 30 minutes before the scheduled departure by calling the following number: +49 5231 \u2013 977 681. The ride will take about <strong>20 to 30 min<\/strong>.<\/p>\n<p>From the corresponding bus stops at the train stations, head to the following stops:<\/p>\n<p><strong>Stop &#8220;Am Winkel&#8221; (<em>red W<\/em>) in the street &#8220;Am Winkel&#8221;\u00a0<\/strong><em>(<\/em><em>n<\/em><em>ear the School &#8220;Freie Evangelische Grundschule Stemwede&#8221;)<\/em><\/p>\n<p><em><strong>OR<\/strong><\/em><\/p>\n<p><strong>Stop &#8220;Am Ostenberg&#8221; (<em>red O<\/em>) in the street &#8220;Stemwederbergstr.&#8221; <\/strong><em>(<\/em><em>Near the Company &#8220;Stemwederbergkelterei Friedrich Bosse&#8221;)<\/em><\/p>\n<p>&nbsp;<\/p>\n<p><strong>On Foot (approx 20min)<\/strong><\/p>\n<p>Then continue on foot either along <strong>Oppendorfer Stra\u00dfe<\/strong> (busier) or along <strong>Am Birkenhain<\/strong>\u00a0(less busy).<\/p>\n<p>When you take the Oppendorfer Stra\u00dfe you have to go left to M\u00fchlheide, when you take Am Birkenhain you have to go right to reach M\u00fchlheide. When you reach the intersection of the three streets you are on the right property.<\/p>\n<p>The mowed grass strip is the parking lot of the museum. If you walk along it and take the second courtyard entrance on the left, you&#8217;ll have arrived at the ground of the museum.<\/p>\n","protected":false},"excerpt":{"rendered":"<p>Directions by car (recommended) Use the map above or the address below for directions. Alternatively, you can also use coordinates. German Wind Power Museum (Deutsches Windkraftmuseum e.V.) M\u00fchlheide 14 32351 [&hellip;]<\/p>\n","protected":false},"author":1,"featured_media":0,"parent":0,"menu_order":0,"comment_status":"closed","ping_status":"closed","template":"","meta":{"footnotes":""},"class_list":["post-1392","page","type-page","status-publish","hentry","has-post-title","has-post-date","has-post-category","has-post-tag","has-post-comment","has-post-author",""],"_links":{"self":[{"href":"https:\/\/deutsches-windkraftmuseum.de\/en\/wp-json\/wp\/v2\/pages\/1392","targetHints":{"allow":["GET"]}}],"collection":[{"href":"https:\/\/deutsches-windkraftmuseum.de\/en\/wp-json\/wp\/v2\/pages"}],"about":[{"href":"https:\/\/deutsches-windkraftmuseum.de\/en\/wp-json\/wp\/v2\/types\/page"}],"author":[{"embeddable":true,"href":"https:\/\/deutsches-windkraftmuseum.de\/en\/wp-json\/wp\/v2\/users\/1"}],"replies":[{"embeddable":true,"href":"https:\/\/deutsches-windkraftmuseum.de\/en\/wp-json\/wp\/v2\/comments?post=1392"}],"version-history":[{"count":17,"href":"https:\/\/deutsches-windkraftmuseum.de\/en\/wp-json\/wp\/v2\/pages\/1392\/revisions"}],"predecessor-version":[{"id":1444,"href":"https:\/\/deutsches-windkraftmuseum.de\/en\/wp-json\/wp\/v2\/pages\/1392\/revisions\/1444"}],"wp:attachment":[{"href":"https:\/\/deutsches-windkraftmuseum.de\/en\/wp-json\/wp\/v2\/media?parent=1392"}],"curies":[{"name":"wp","href":"https:\/\/api.w.org\/{rel}","templated":true}]}}