{"id":362,"date":"2020-01-29T20:26:40","date_gmt":"2020-01-29T19:26:40","guid":{"rendered":"http:\/\/wp2020.deutsches-windkraftmuseum.de\/en\/?page_id=362"},"modified":"2020-01-29T20:28:57","modified_gmt":"2020-01-29T19:28:57","slug":"links-2","status":"publish","type":"page","link":"https:\/\/deutsches-windkraftmuseum.de\/en\/links-2\/","title":{"rendered":"Links"},"content":{"rendered":"<figure id=\"attachment_358\" aria-describedby=\"caption-attachment-358\" style=\"width: 138px\" class=\"wp-caption aligncenter\"><a href=\"http:\/\/www.deutsche-muehlen.de\"><img loading=\"lazy\" decoding=\"async\" class=\"wp-image-358 \" src=\"http:\/\/deutsches-windkraftmuseum.de\/en\/wp-content\/uploads\/sites\/3\/2020\/01\/csm_dgm-logo_.png\" alt=\"\" width=\"138\" height=\"184\" \/><\/a><figcaption id=\"caption-attachment-358\" class=\"wp-caption-text\">Deutsche Gesellschaft f\u00fcr M\u00fchlenkunde und M\u00fchlenerhaltung e.V.<\/figcaption><\/figure>\n","protected":false},"excerpt":{"rendered":"","protected":false},"author":1,"featured_media":0,"parent":0,"menu_order":0,"comment_status":"closed","ping_status":"closed","template":"","meta":{"footnotes":""},"class_list":["post-362","page","type-page","status-publish","hentry","has-post-title","has-post-date","has-post-category","has-post-tag","has-post-comment","has-post-author",""],"_links":{"self":[{"href":"https:\/\/deutsches-windkraftmuseum.de\/en\/wp-json\/wp\/v2\/pages\/362","targetHints":{"allow":["GET"]}}],"collection":[{"href":"https:\/\/deutsches-windkraftmuseum.de\/en\/wp-json\/wp\/v2\/pages"}],"about":[{"href":"https:\/\/deutsches-windkraftmuseum.de\/en\/wp-json\/wp\/v2\/types\/page"}],"author":[{"embeddable":true,"href":"https:\/\/deutsches-windkraftmuseum.de\/en\/wp-json\/wp\/v2\/users\/1"}],"replies":[{"embeddable":true,"href":"https:\/\/deutsches-windkraftmuseum.de\/en\/wp-json\/wp\/v2\/comments?post=362"}],"version-history":[{"count":4,"href":"https:\/\/deutsches-windkraftmuseum.de\/en\/wp-json\/wp\/v2\/pages\/362\/revisions"}],"predecessor-version":[{"id":369,"href":"https:\/\/deutsches-windkraftmuseum.de\/en\/wp-json\/wp\/v2\/pages\/362\/revisions\/369"}],"wp:attachment":[{"href":"https:\/\/deutsches-windkraftmuseum.de\/en\/wp-json\/wp\/v2\/media?parent=362"}],"curies":[{"name":"wp","href":"https:\/\/api.w.org\/{rel}","templated":true}]}}